{"id":37132,"date":"2024-03-04T21:03:34","date_gmt":"2024-03-05T02:03:34","guid":{"rendered":"https:\/\/ctontario.ca\/aide-a-la-decision\/"},"modified":"2024-04-09T15:37:30","modified_gmt":"2024-04-09T19:37:30","slug":"aide-a-la-decision","status":"publish","type":"page","link":"https:\/\/pordecisionaids.ca\/fr\/","title":{"rendered":"Aide \u00e0 la d\u00e9cision"},"content":{"rendered":"\t\t<div data-elementor-type=\"wp-page\" data-elementor-id=\"37132\" class=\"elementor elementor-37132 elementor-36273\" data-elementor-post-type=\"page\">\n\t\t\t\t<div class=\"elementor-element elementor-element-95ed05a e-flex e-con-boxed e-con e-parent\" data-id=\"95ed05a\" data-element_type=\"container\">\n\t\t\t\t\t<div class=\"e-con-inner\">\n\t\t<div class=\"elementor-element elementor-element-60d93a5 e-con-full e-flex e-con e-child\" data-id=\"60d93a5\" data-element_type=\"container\">\n\t\t\t\t<div class=\"elementor-element elementor-element-e417846 elementor-widget__width-auto elementor-widget elementor-widget-heading\" data-id=\"e417846\" data-element_type=\"widget\" data-settings=\"{&quot;_animation_tablet&quot;:&quot;none&quot;,&quot;_animation&quot;:&quot;none&quot;}\" data-widget_type=\"heading.default\">\n\t\t\t\t<div class=\"elementor-widget-container\">\n\t\t\t\t\t<h1 class=\"elementor-heading-title elementor-size-default\">Aide \u00e0 la d\u00e9cision<\/h1>\t\t\t\t<\/div>\n\t\t\t\t<\/div>\n\t\t\t\t<div class=\"elementor-element elementor-element-c70300f elementor-widget elementor-widget-heading\" data-id=\"c70300f\" data-element_type=\"widget\" data-widget_type=\"heading.default\">\n\t\t\t\t<div class=\"elementor-widget-container\">\n\t\t\t\t\t<h2 class=\"elementor-heading-title elementor-size-default\">Pour l\u2019engagement des patients partenaires dans les essais cliniques<\/h2>\t\t\t\t<\/div>\n\t\t\t\t<\/div>\n\t\t\t\t<div class=\"elementor-element elementor-element-91abde5 elementor-widget elementor-widget-text-editor\" data-id=\"91abde5\" data-element_type=\"widget\" data-widget_type=\"text-editor.default\">\n\t\t\t\t<div class=\"elementor-widget-container\">\n\t\t\t\t\t\t\t\t\t<p>Sous la direction d\u2019Essais cliniques Ontario, une \u00e9quipe de patients, de chercheurs et d\u2019investigateurs, en collaboration avec des personnes impliqu\u00e9es dans des r\u00e9seaux de recherche, des organismes de bienfaisances en sant\u00e9 et des associations de patients, ont d\u00e9velopp\u00e9 des outils pour renforcer les capacit\u00e9s et accro\u00eetre l\u2019engagement des patients dans les essais cliniques.<\/p>\n<p>La recherche ax\u00e9e sur le patient a pour but de mobiliser les patients, les proches aidants et les familles \u00e0 titre de partenaires dans le processus de recherche. Cet engagement aide \u00e0 garantir que les \u00e9tudes sont ax\u00e9es sur les priorit\u00e9s \u00e9tablies par les patients, ce qui d\u00e9bouche sur <a href=\"http:\/\/www.cihr-irsc.gc.ca\/f\/41204.html\" target=\"_blank\" rel=\"noopener\">de meilleurs r\u00e9sultats pour les patients<\/a>.<\/p>\n<p>Les outils d\u2019aide \u00e0 la d\u00e9cision visent \u00e0 aider les personnes \u00e0 d\u00e9cider si elles sont pr\u00eates \u00e0 collaborer dans le cadre d\u2019une \u00e9quipe de recherche ax\u00e9e sur le patient. Un outil a \u00e9t\u00e9 con\u00e7u pour les patients et un autre pour les chercheurs et les investigateurs. Ces deux outils fournissent des informations similaires, sous un angle diff\u00e9rent.<\/p>\n\t\t\t\t\t\t\t\t<\/div>\n\t\t\t\t<\/div>\n\t\t<div class=\"elementor-element elementor-element-7e38a75 e-con-full e-flex e-con e-child\" data-id=\"7e38a75\" data-element_type=\"container\">\n\t\t<div class=\"elementor-element elementor-element-d039bf6 e-con-full thick-border-azul e-flex e-con e-child\" data-id=\"d039bf6\" data-element_type=\"container\" data-settings=\"{&quot;background_background&quot;:&quot;classic&quot;}\">\n\t\t\t\t<div class=\"elementor-element elementor-element-324f333 e-transform elementor-view-default elementor-position-top elementor-mobile-position-top elementor-widget elementor-widget-icon-box\" data-id=\"324f333\" data-element_type=\"widget\" data-settings=\"{&quot;_transform_scale_effect_hover&quot;:{&quot;unit&quot;:&quot;px&quot;,&quot;size&quot;:1.04000000000000003552713678800500929355621337890625,&quot;sizes&quot;:[]},&quot;_transform_scale_effect_hover_tablet&quot;:{&quot;unit&quot;:&quot;px&quot;,&quot;size&quot;:1,&quot;sizes&quot;:[]},&quot;_transform_scale_effect_hover_mobile&quot;:{&quot;unit&quot;:&quot;px&quot;,&quot;size&quot;:&quot;&quot;,&quot;sizes&quot;:[]}}\" data-widget_type=\"icon-box.default\">\n\t\t\t\t<div class=\"elementor-widget-container\">\n\t\t\t\t\t\t\t<div class=\"elementor-icon-box-wrapper\">\n\n\t\t\t\t\t\t<div class=\"elementor-icon-box-icon\">\n\t\t\t\t<a href=\"https:\/\/pordecisionaids.ca\/fr\/aide-a-la-decision\/outil-daide-a-la-decision-pour-patients\/\" class=\"elementor-icon\" tabindex=\"-1\" aria-label=\"Outil d\u2019aide \u00e0 la d\u00e9cision pour patients\">\n\t\t\t\t\t\t\t\t<\/a>\n\t\t\t<\/div>\n\t\t\t\n\t\t\t\t\t\t<div class=\"elementor-icon-box-content\">\n\n\t\t\t\t\t\t\t\t\t<h3 class=\"elementor-icon-box-title\">\n\t\t\t\t\t\t<a href=\"https:\/\/pordecisionaids.ca\/fr\/aide-a-la-decision\/outil-daide-a-la-decision-pour-patients\/\" >\n\t\t\t\t\t\t\tOutil d\u2019aide \u00e0 la d\u00e9cision pour patients\t\t\t\t\t\t<\/a>\n\t\t\t\t\t<\/h3>\n\t\t\t\t\n\t\t\t\t\n\t\t\t<\/div>\n\t\t\t\n\t\t<\/div>\n\t\t\t\t\t\t<\/div>\n\t\t\t\t<\/div>\n\t\t\t\t<\/div>\n\t\t<div class=\"elementor-element elementor-element-c05dc04 e-con-full thick-border-azul e-flex e-con e-child\" data-id=\"c05dc04\" data-element_type=\"container\" data-settings=\"{&quot;background_background&quot;:&quot;classic&quot;}\">\n\t\t\t\t<div class=\"elementor-element elementor-element-eda0e23 e-transform elementor-view-default elementor-position-top elementor-mobile-position-top elementor-widget elementor-widget-icon-box\" data-id=\"eda0e23\" data-element_type=\"widget\" data-settings=\"{&quot;_transform_scale_effect_hover&quot;:{&quot;unit&quot;:&quot;px&quot;,&quot;size&quot;:1.04000000000000003552713678800500929355621337890625,&quot;sizes&quot;:[]},&quot;_transform_scale_effect_hover_tablet&quot;:{&quot;unit&quot;:&quot;px&quot;,&quot;size&quot;:1,&quot;sizes&quot;:[]},&quot;_transform_scale_effect_hover_mobile&quot;:{&quot;unit&quot;:&quot;px&quot;,&quot;size&quot;:&quot;&quot;,&quot;sizes&quot;:[]}}\" data-widget_type=\"icon-box.default\">\n\t\t\t\t<div class=\"elementor-widget-container\">\n\t\t\t\t\t\t\t<div class=\"elementor-icon-box-wrapper\">\n\n\t\t\t\t\t\t<div class=\"elementor-icon-box-icon\">\n\t\t\t\t<a href=\"https:\/\/pordecisionaids.ca\/fr\/aide-a-la-decision\/outil-daide-a-la-decision-pour-chercheurs\/\" class=\"elementor-icon\" tabindex=\"-1\" aria-label=\"Outil d\u2019aide \u00e0 la d\u00e9cision pour chercheurs \">\n\t\t\t\t\t\t\t\t<\/a>\n\t\t\t<\/div>\n\t\t\t\n\t\t\t\t\t\t<div class=\"elementor-icon-box-content\">\n\n\t\t\t\t\t\t\t\t\t<h3 class=\"elementor-icon-box-title\">\n\t\t\t\t\t\t<a href=\"https:\/\/pordecisionaids.ca\/fr\/aide-a-la-decision\/outil-daide-a-la-decision-pour-chercheurs\/\" >\n\t\t\t\t\t\t\tOutil d\u2019aide \u00e0 la d\u00e9cision pour chercheurs \t\t\t\t\t\t<\/a>\n\t\t\t\t\t<\/h3>\n\t\t\t\t\n\t\t\t\t\n\t\t\t<\/div>\n\t\t\t\n\t\t<\/div>\n\t\t\t\t\t\t<\/div>\n\t\t\t\t<\/div>\n\t\t\t\t<\/div>\n\t\t\t\t<\/div>\n\t\t\t\t<div class=\"elementor-element elementor-element-7f87f3a elementor-widget-divider--view-line elementor-widget elementor-widget-divider\" data-id=\"7f87f3a\" data-element_type=\"widget\" data-widget_type=\"divider.default\">\n\t\t\t\t<div class=\"elementor-widget-container\">\n\t\t\t\t\t\t\t<div class=\"elementor-divider\">\n\t\t\t<span class=\"elementor-divider-separator\">\n\t\t\t\t\t\t<\/span>\n\t\t<\/div>\n\t\t\t\t\t\t<\/div>\n\t\t\t\t<\/div>\n\t\t<div class=\"elementor-element elementor-element-467b37f e-flex e-con-boxed e-con e-child\" data-id=\"467b37f\" data-element_type=\"container\">\n\t\t\t\t\t<div class=\"e-con-inner\">\n\t\t<div class=\"elementor-element elementor-element-e8be9ba e-con-full e-flex e-con e-child\" data-id=\"e8be9ba\" data-element_type=\"container\">\n\t\t\t\t<div class=\"elementor-element elementor-element-118e2b7 elementor-widget elementor-widget-image\" data-id=\"118e2b7\" data-element_type=\"widget\" data-widget_type=\"image.default\">\n\t\t\t\t<div class=\"elementor-widget-container\">\n\t\t\t\t\t\t\t\t\t\t\t\t\t\t\t<img decoding=\"async\" width=\"256\" height=\"134\" src=\"https:\/\/pordecisionaids.ca\/wp-content\/uploads\/spor-logo.png\" class=\"attachment-large size-large wp-image-36444\" alt=\"\" \/>\t\t\t\t\t\t\t\t\t\t\t\t\t\t\t<\/div>\n\t\t\t\t<\/div>\n\t\t\t\t<\/div>\n\t\t<div class=\"elementor-element elementor-element-ddeb4a4 e-con-full e-flex e-con e-child\" data-id=\"ddeb4a4\" data-element_type=\"container\">\n\t\t\t\t<div class=\"elementor-element elementor-element-94f734b elementor-widget elementor-widget-image\" data-id=\"94f734b\" data-element_type=\"widget\" data-widget_type=\"image.default\">\n\t\t\t\t<div class=\"elementor-widget-container\">\n\t\t\t\t\t\t\t\t\t\t\t\t\t\t\t<img decoding=\"async\" width=\"256\" height=\"134\" src=\"https:\/\/pordecisionaids.ca\/wp-content\/uploads\/ossu-logo.png\" class=\"attachment-large size-large wp-image-36442\" alt=\"\" \/>\t\t\t\t\t\t\t\t\t\t\t\t\t\t\t<\/div>\n\t\t\t\t<\/div>\n\t\t\t\t<\/div>\n\t\t<div class=\"elementor-element elementor-element-9e901da e-con-full e-flex e-con e-child\" data-id=\"9e901da\" data-element_type=\"container\">\n\t\t\t\t<div class=\"elementor-element elementor-element-abffd94 elementor-widget elementor-widget-image\" data-id=\"abffd94\" data-element_type=\"widget\" data-widget_type=\"image.default\">\n\t\t\t\t<div class=\"elementor-widget-container\">\n\t\t\t\t\t\t\t\t\t\t\t\t\t\t\t<img fetchpriority=\"high\" decoding=\"async\" width=\"800\" height=\"76\" src=\"https:\/\/pordecisionaids.ca\/wp-content\/uploads\/cihr-logo.jpg\" class=\"attachment-large size-large wp-image-36440\" alt=\"\" srcset=\"https:\/\/pordecisionaids.ca\/wp-content\/uploads\/cihr-logo.jpg 837w, https:\/\/pordecisionaids.ca\/wp-content\/uploads\/cihr-logo-300x28.jpg 300w, https:\/\/pordecisionaids.ca\/wp-content\/uploads\/cihr-logo-768x72.jpg 768w\" sizes=\"(max-width: 800px) 100vw, 800px\" \/>\t\t\t\t\t\t\t\t\t\t\t\t\t\t\t<\/div>\n\t\t\t\t<\/div>\n\t\t\t\t<\/div>\n\t\t\t\t\t<\/div>\n\t\t\t\t<\/div>\n\t\t\t\t<div class=\"elementor-element elementor-element-e4274ba elementor-widget elementor-widget-text-editor\" data-id=\"e4274ba\" data-element_type=\"widget\" data-widget_type=\"text-editor.default\">\n\t\t\t\t<div class=\"elementor-widget-container\">\n\t\t\t\t\t\t\t\t\t<p>Le financement pour le d\u00e9veloppement et la diss\u00e9mination de l\u2019aide \u00e0 la d\u00e9cision pour patients a \u00e9t\u00e9 offert par les Instituts de recherche en sant\u00e9 du Canada (IRSC) (Demande no : 397455) et les unit\u00e9s de soutien de la SRAP.<\/p>\n\t\t\t\t\t\t\t\t<\/div>\n\t\t\t\t<\/div>\n\t\t\t\t<\/div>\n\t\t\t\t\t<\/div>\n\t\t\t\t<\/div>\n\t\t\t\t<\/div>\n\t\t","protected":false},"excerpt":{"rendered":"<p>Aide \u00e0 la d\u00e9cision Pour l\u2019engagement des patients partenaires dans les essais cliniques Sous la direction d\u2019Essais cliniques Ontario, une \u00e9quipe de patients, de chercheurs et d\u2019investigateurs, en collaboration avec des personnes impliqu\u00e9es dans des r\u00e9seaux de recherche, des organismes de bienfaisances en sant\u00e9 et des associations de patients, ont d\u00e9velopp\u00e9 des outils pour renforcer [&hellip;]<\/p>\n","protected":false},"author":10,"featured_media":0,"parent":0,"menu_order":6,"comment_status":"closed","ping_status":"closed","template":"","meta":{"footnotes":""},"categories":[73],"class_list":["post-37132","page","type-page","status-publish","hentry","category-bilingual-fr-2"],"yoast_head":"<!-- This site is optimized with the Yoast SEO plugin v24.8.1 - https:\/\/yoast.com\/wordpress\/plugins\/seo\/ -->\n<title>Aide \u00e0 la d\u00e9cision - Decision Aids<\/title>\n<meta name=\"robots\" content=\"index, follow, max-snippet:-1, max-image-preview:large, max-video-preview:-1\" \/>\n<link rel=\"canonical\" href=\"https:\/\/pordecisionaids.ca\/fr\/\" \/>\n<meta property=\"og:locale\" content=\"fr_FR\" \/>\n<meta property=\"og:type\" content=\"article\" \/>\n<meta property=\"og:title\" content=\"Aide \u00e0 la d\u00e9cision - Decision Aids\" \/>\n<meta property=\"og:description\" content=\"Aide \u00e0 la d\u00e9cision Pour l\u2019engagement des patients partenaires dans les essais cliniques Sous la direction d\u2019Essais cliniques Ontario, une \u00e9quipe de patients, de chercheurs et d\u2019investigateurs, en collaboration avec des personnes impliqu\u00e9es dans des r\u00e9seaux de recherche, des organismes de bienfaisances en sant\u00e9 et des associations de patients, ont d\u00e9velopp\u00e9 des outils pour renforcer [&hellip;]\" \/>\n<meta property=\"og:url\" content=\"https:\/\/pordecisionaids.ca\/fr\/\" \/>\n<meta property=\"og:site_name\" content=\"Decision Aids\" \/>\n<meta property=\"article:modified_time\" content=\"2024-04-09T19:37:30+00:00\" \/>\n<meta property=\"og:image\" content=\"https:\/\/ctontario.ca\/wp-content\/uploads\/spor-logo.png\" \/>\n<meta name=\"twitter:card\" content=\"summary_large_image\" \/>\n<meta name=\"twitter:label1\" content=\"Est. reading time\" \/>\n\t<meta name=\"twitter:data1\" content=\"1 minute\" \/>\n<script type=\"application\/ld+json\" class=\"yoast-schema-graph\">{\"@context\":\"https:\/\/schema.org\",\"@graph\":[{\"@type\":\"WebPage\",\"@id\":\"https:\/\/pordecisionaids.ca\/fr\/\",\"url\":\"https:\/\/pordecisionaids.ca\/fr\/\",\"name\":\"Aide \u00e0 la d\u00e9cision - Decision Aids\",\"isPartOf\":{\"@id\":\"https:\/\/pordecisionaids.ca\/#website\"},\"primaryImageOfPage\":{\"@id\":\"https:\/\/pordecisionaids.ca\/fr\/#primaryimage\"},\"image\":{\"@id\":\"https:\/\/pordecisionaids.ca\/fr\/#primaryimage\"},\"thumbnailUrl\":\"https:\/\/ctontario.ca\/wp-content\/uploads\/spor-logo.png\",\"datePublished\":\"2024-03-05T02:03:34+00:00\",\"dateModified\":\"2024-04-09T19:37:30+00:00\",\"breadcrumb\":{\"@id\":\"https:\/\/pordecisionaids.ca\/fr\/#breadcrumb\"},\"inLanguage\":\"fr-FR\",\"potentialAction\":[{\"@type\":\"ReadAction\",\"target\":[\"https:\/\/pordecisionaids.ca\/fr\/\"]}]},{\"@type\":\"ImageObject\",\"inLanguage\":\"fr-FR\",\"@id\":\"https:\/\/pordecisionaids.ca\/fr\/#primaryimage\",\"url\":\"https:\/\/ctontario.ca\/wp-content\/uploads\/spor-logo.png\",\"contentUrl\":\"https:\/\/ctontario.ca\/wp-content\/uploads\/spor-logo.png\"},{\"@type\":\"BreadcrumbList\",\"@id\":\"https:\/\/pordecisionaids.ca\/fr\/#breadcrumb\",\"itemListElement\":[{\"@type\":\"ListItem\",\"position\":1,\"name\":\"Home\",\"item\":\"https:\/\/pordecisionaids.ca\/fr\/\"},{\"@type\":\"ListItem\",\"position\":2,\"name\":\"Aide \u00e0 la d\u00e9cision\"}]},{\"@type\":\"WebSite\",\"@id\":\"https:\/\/pordecisionaids.ca\/#website\",\"url\":\"https:\/\/pordecisionaids.ca\/\",\"name\":\"Decision Aids\",\"description\":\"\",\"publisher\":{\"@id\":\"https:\/\/pordecisionaids.ca\/#organization\"},\"potentialAction\":[{\"@type\":\"SearchAction\",\"target\":{\"@type\":\"EntryPoint\",\"urlTemplate\":\"https:\/\/pordecisionaids.ca\/?s={search_term_string}\"},\"query-input\":{\"@type\":\"PropertyValueSpecification\",\"valueRequired\":true,\"valueName\":\"search_term_string\"}}],\"inLanguage\":\"fr-FR\"},{\"@type\":\"Organization\",\"@id\":\"https:\/\/pordecisionaids.ca\/#organization\",\"name\":\"Decision Aids\",\"url\":\"https:\/\/pordecisionaids.ca\/\",\"logo\":{\"@type\":\"ImageObject\",\"inLanguage\":\"fr-FR\",\"@id\":\"https:\/\/pordecisionaids.ca\/#\/schema\/logo\/image\/\",\"url\":\"https:\/\/pordecisionaids.ca\/wp-content\/uploads\/symbol.png\",\"contentUrl\":\"https:\/\/pordecisionaids.ca\/wp-content\/uploads\/symbol.png\",\"width\":1405,\"height\":1383,\"caption\":\"Decision Aids\"},\"image\":{\"@id\":\"https:\/\/pordecisionaids.ca\/#\/schema\/logo\/image\/\"}}]}<\/script>\n<!-- \/ Yoast SEO plugin. -->","yoast_head_json":{"title":"Aide \u00e0 la d\u00e9cision - Decision Aids","robots":{"index":"index","follow":"follow","max-snippet":"max-snippet:-1","max-image-preview":"max-image-preview:large","max-video-preview":"max-video-preview:-1"},"canonical":"https:\/\/pordecisionaids.ca\/fr\/","og_locale":"fr_FR","og_type":"article","og_title":"Aide \u00e0 la d\u00e9cision - Decision Aids","og_description":"Aide \u00e0 la d\u00e9cision Pour l\u2019engagement des patients partenaires dans les essais cliniques Sous la direction d\u2019Essais cliniques Ontario, une \u00e9quipe de patients, de chercheurs et d\u2019investigateurs, en collaboration avec des personnes impliqu\u00e9es dans des r\u00e9seaux de recherche, des organismes de bienfaisances en sant\u00e9 et des associations de patients, ont d\u00e9velopp\u00e9 des outils pour renforcer [&hellip;]","og_url":"https:\/\/pordecisionaids.ca\/fr\/","og_site_name":"Decision Aids","article_modified_time":"2024-04-09T19:37:30+00:00","og_image":[{"url":"https:\/\/ctontario.ca\/wp-content\/uploads\/spor-logo.png","type":"","width":"","height":""}],"twitter_card":"summary_large_image","twitter_misc":{"Est. reading time":"1 minute"},"schema":{"@context":"https:\/\/schema.org","@graph":[{"@type":"WebPage","@id":"https:\/\/pordecisionaids.ca\/fr\/","url":"https:\/\/pordecisionaids.ca\/fr\/","name":"Aide \u00e0 la d\u00e9cision - Decision Aids","isPartOf":{"@id":"https:\/\/pordecisionaids.ca\/#website"},"primaryImageOfPage":{"@id":"https:\/\/pordecisionaids.ca\/fr\/#primaryimage"},"image":{"@id":"https:\/\/pordecisionaids.ca\/fr\/#primaryimage"},"thumbnailUrl":"https:\/\/ctontario.ca\/wp-content\/uploads\/spor-logo.png","datePublished":"2024-03-05T02:03:34+00:00","dateModified":"2024-04-09T19:37:30+00:00","breadcrumb":{"@id":"https:\/\/pordecisionaids.ca\/fr\/#breadcrumb"},"inLanguage":"fr-FR","potentialAction":[{"@type":"ReadAction","target":["https:\/\/pordecisionaids.ca\/fr\/"]}]},{"@type":"ImageObject","inLanguage":"fr-FR","@id":"https:\/\/pordecisionaids.ca\/fr\/#primaryimage","url":"https:\/\/ctontario.ca\/wp-content\/uploads\/spor-logo.png","contentUrl":"https:\/\/ctontario.ca\/wp-content\/uploads\/spor-logo.png"},{"@type":"BreadcrumbList","@id":"https:\/\/pordecisionaids.ca\/fr\/#breadcrumb","itemListElement":[{"@type":"ListItem","position":1,"name":"Home","item":"https:\/\/pordecisionaids.ca\/fr\/"},{"@type":"ListItem","position":2,"name":"Aide \u00e0 la d\u00e9cision"}]},{"@type":"WebSite","@id":"https:\/\/pordecisionaids.ca\/#website","url":"https:\/\/pordecisionaids.ca\/","name":"Decision Aids","description":"","publisher":{"@id":"https:\/\/pordecisionaids.ca\/#organization"},"potentialAction":[{"@type":"SearchAction","target":{"@type":"EntryPoint","urlTemplate":"https:\/\/pordecisionaids.ca\/?s={search_term_string}"},"query-input":{"@type":"PropertyValueSpecification","valueRequired":true,"valueName":"search_term_string"}}],"inLanguage":"fr-FR"},{"@type":"Organization","@id":"https:\/\/pordecisionaids.ca\/#organization","name":"Decision Aids","url":"https:\/\/pordecisionaids.ca\/","logo":{"@type":"ImageObject","inLanguage":"fr-FR","@id":"https:\/\/pordecisionaids.ca\/#\/schema\/logo\/image\/","url":"https:\/\/pordecisionaids.ca\/wp-content\/uploads\/symbol.png","contentUrl":"https:\/\/pordecisionaids.ca\/wp-content\/uploads\/symbol.png","width":1405,"height":1383,"caption":"Decision Aids"},"image":{"@id":"https:\/\/pordecisionaids.ca\/#\/schema\/logo\/image\/"}}]}},"_links":{"self":[{"href":"https:\/\/pordecisionaids.ca\/fr\/wp-json\/wp\/v2\/pages\/37132","targetHints":{"allow":["GET"]}}],"collection":[{"href":"https:\/\/pordecisionaids.ca\/fr\/wp-json\/wp\/v2\/pages"}],"about":[{"href":"https:\/\/pordecisionaids.ca\/fr\/wp-json\/wp\/v2\/types\/page"}],"author":[{"embeddable":true,"href":"https:\/\/pordecisionaids.ca\/fr\/wp-json\/wp\/v2\/users\/10"}],"replies":[{"embeddable":true,"href":"https:\/\/pordecisionaids.ca\/fr\/wp-json\/wp\/v2\/comments?post=37132"}],"version-history":[{"count":2,"href":"https:\/\/pordecisionaids.ca\/fr\/wp-json\/wp\/v2\/pages\/37132\/revisions"}],"predecessor-version":[{"id":37312,"href":"https:\/\/pordecisionaids.ca\/fr\/wp-json\/wp\/v2\/pages\/37132\/revisions\/37312"}],"wp:attachment":[{"href":"https:\/\/pordecisionaids.ca\/fr\/wp-json\/wp\/v2\/media?parent=37132"}],"wp:term":[{"taxonomy":"category","embeddable":true,"href":"https:\/\/pordecisionaids.ca\/fr\/wp-json\/wp\/v2\/categories?post=37132"}],"curies":[{"name":"wp","href":"https:\/\/api.w.org\/{rel}","templated":true}]}}